{"id":124,"date":"2025-12-31T19:52:41","date_gmt":"2025-12-31T19:52:41","guid":{"rendered":"https:\/\/portfolio.nonnabyarts.hu\/?page_id=124"},"modified":"2025-12-31T20:32:24","modified_gmt":"2025-12-31T20:32:24","slug":"124-2","status":"publish","type":"page","link":"https:\/\/portfolio.nonnabyarts.hu\/","title":{"rendered":""},"content":{"rendered":"\n<div class=\"wp-block-group alignwide is-vertical is-layout-flex wp-container-core-group-is-layout-fe9cc265 wp-block-group-is-layout-flex\">\n<div class=\"DF_utQ _0xkaeQ\">\n<div class=\"aF9o6Q _0yZ6Qg\">\n<div>\n<div class=\"E8yZTA\">\n<div>\n<div class=\"_2UyCZQ vkN2Cw Mb8E_A e1_zQg\" lang=\"en\">\n<p class=\"_28USrA GEC0sA XN6uKA _4N4NA\"><span class=\"a_GcMg\">Gyakran el\u0151bb l\u00e1tom magamban az elk\u00e9pzelt k\u00e9pet, mint ahogy tudn\u00e1m, hogyan kellene megval\u00f3s\u00edtani.<\/span><\/p>\n<p class=\"_28USrA GEC0sA XN6uKA _4N4NA\"><span class=\"a_GcMg\">Nem mindig siker\u00fcl els\u0151re, de sz\u00e1momra ez a folyamat r\u00e9sze: figyelni, pr\u00f3b\u00e1lkozni, tanulni.<\/span><\/p>\n<\/div>\n<\/div>\n<\/div>\n<\/div>\n<\/div>\n<\/div>\n<div class=\"DF_utQ _0xkaeQ\">\n<div class=\"aF9o6Q _0yZ6Qg\">\n<div>\n<div class=\"E8yZTA\">\n<div>\n<div class=\"_2UyCZQ vkN2Cw Mb8E_A e1_zQg\" lang=\"en\">\n<p class=\"_28USrA GEC0sA XN6uKA _4N4NA\"><span class=\"a_GcMg\">Sokszor elveszetnek, c\u00e9ltalannak \u00e9rzem magam.<\/span><\/p>\n<p class=\"_28USrA GEC0sA XN6uKA\"><span class=\"a_GcMg\">Vagyunk \u00edgy p\u00e1ran.<\/span><\/p>\n<p class=\"_28USrA GEC0sA XN6uKA\"><span class=\"a_GcMg\">Utat keres\u00fcnk, egy megval\u00f3s\u00edthat\u00f3 l\u00e9thez. Csendesek vagyunk. Tessz\u00fck a dolgunk, v\u00edvjuk a csat\u00e1inkat.<\/span><\/p>\n<\/div>\n<\/div>\n<\/div>\n<\/div>\n<\/div>\n<\/div>\n<div class=\"DF_utQ _0xkaeQ\">\n<div class=\"aF9o6Q _0yZ6Qg\">\n<div>\n<div class=\"E8yZTA\">\n<div>\n<div class=\"_2UyCZQ vkN2Cw Mb8E_A e1_zQg\" lang=\"en\">\n<p class=\"_28USrA GEC0sA XN6uKA _4N4NA\"><span class=\"a_GcMg\">A nyugalom szigete nek\u00fcnk az alkot\u00e1s.<\/span><\/p>\n<p class=\"_28USrA GEC0sA XN6uKA\"><span class=\"a_GcMg\">Tervez\u00e9s, kompoz\u00edci\u00f3, sz\u00ednek, fontok, hat\u00e1sok \u00e9s \u00e1rny\u00e9kok, vonalak \u00e9s alakzatok \u2014<\/span><\/p>\n<p class=\"_28USrA GEC0sA XN6uKA\"><span class=\"a_GcMg\">a sok pr\u00f3b\u00e1lkoz\u00e1s \u00e9s v\u00e1ltozat egy\u00fctt hozza l\u00e9tre azt a teret, ahol v\u00e9gre \u00e9p\u00edthet\u00fcnk valamit&#8230;<\/span><\/p>\n<\/div>\n<\/div>\n<\/div>\n<\/div>\n<\/div>\n<\/div>\n<div class=\"DF_utQ _0xkaeQ\">\n<div class=\"aF9o6Q _0yZ6Qg\">\n<div>\n<div class=\"E8yZTA\">\n<div>\n<div class=\"_2UyCZQ vkN2Cw Mb8E_A e1_zQg\" lang=\"en\">\n<p class=\"_28USrA GEC0sA XN6uKA _4N4NA\"><span class=\"a_GcMg\">Egy kreat\u00edv embert nem egyszer\u0171 meg\u00e9rteni.<\/span><\/p>\n<p class=\"_28USrA GEC0sA XN6uKA\"><span class=\"a_GcMg\">P\u00e1rhuzamokban, r\u00e9szletekben \u00e9s rendszerben gondolkodik.<\/span><\/p>\n<p class=\"_28USrA GEC0sA XN6uKA\" style=\"text-align: left;\"><span class=\"a_GcMg\">Neki egy vonal, nem csak vonal. Lehet\u0151s\u00e9g!<\/span><\/p>\n<\/div>\n<\/div>\n<\/div>\n<\/div>\n<\/div>\n<\/div>\n<\/div>\n","protected":false},"excerpt":{"rendered":"<p>Gyakran el\u0151bb l\u00e1tom magamban az elk\u00e9pzelt k\u00e9pet, mint ahogy tudn\u00e1m, hogyan kellene megval\u00f3s\u00edtani. Nem mindig siker\u00fcl els\u0151re, de sz\u00e1momra ez a folyamat r\u00e9sze: figyelni, pr\u00f3b\u00e1lkozni, tanulni. Sokszor elveszetnek, c\u00e9ltalannak \u00e9rzem magam. Vagyunk \u00edgy p\u00e1ran. Utat keres\u00fcnk, egy megval\u00f3s\u00edthat\u00f3 l\u00e9thez. Csendesek vagyunk. Tessz\u00fck a dolgunk, v\u00edvjuk a csat\u00e1inkat. A nyugalom szigete nek\u00fcnk az alkot\u00e1s. Tervez\u00e9s, kompoz\u00edci\u00f3, [&hellip;]<\/p>\n","protected":false},"author":1,"featured_media":139,"parent":0,"menu_order":0,"comment_status":"closed","ping_status":"closed","template":"","meta":{"footnotes":""},"class_list":["post-124","page","type-page","status-publish","has-post-thumbnail","hentry"],"_links":{"self":[{"href":"https:\/\/portfolio.nonnabyarts.hu\/index.php\/wp-json\/wp\/v2\/pages\/124","targetHints":{"allow":["GET"]}}],"collection":[{"href":"https:\/\/portfolio.nonnabyarts.hu\/index.php\/wp-json\/wp\/v2\/pages"}],"about":[{"href":"https:\/\/portfolio.nonnabyarts.hu\/index.php\/wp-json\/wp\/v2\/types\/page"}],"author":[{"embeddable":true,"href":"https:\/\/portfolio.nonnabyarts.hu\/index.php\/wp-json\/wp\/v2\/users\/1"}],"replies":[{"embeddable":true,"href":"https:\/\/portfolio.nonnabyarts.hu\/index.php\/wp-json\/wp\/v2\/comments?post=124"}],"version-history":[{"count":7,"href":"https:\/\/portfolio.nonnabyarts.hu\/index.php\/wp-json\/wp\/v2\/pages\/124\/revisions"}],"predecessor-version":[{"id":138,"href":"https:\/\/portfolio.nonnabyarts.hu\/index.php\/wp-json\/wp\/v2\/pages\/124\/revisions\/138"}],"wp:featuredmedia":[{"embeddable":true,"href":"https:\/\/portfolio.nonnabyarts.hu\/index.php\/wp-json\/wp\/v2\/media\/139"}],"wp:attachment":[{"href":"https:\/\/portfolio.nonnabyarts.hu\/index.php\/wp-json\/wp\/v2\/media?parent=124"}],"curies":[{"name":"wp","href":"https:\/\/api.w.org\/{rel}","templated":true}]}}